{"id":1371,"date":"2023-02-14T10:41:27","date_gmt":"2023-02-14T10:41:27","guid":{"rendered":"https:\/\/www.inova-bau.de\/?page_id=1371"},"modified":"2023-02-21T12:09:18","modified_gmt":"2023-02-21T12:09:18","slug":"impressum","status":"publish","type":"page","link":"https:\/\/www.inova-bau.de\/index.php\/impressum\/","title":{"rendered":"Impressum"},"content":{"rendered":"<h2 id=\"angaben-gem\u00e4\u00df-\u00a7-5-tmg\">Angaben gem\u00e4\u00df \u00a7 5 TMG<\/h2>\n<p>Inova Bau<br \/>\nBudapester Str. 37,<\/p>\n<p>20359 Hamburg<\/p>\n<p>Registernummer:\u00a0 2930824369<\/p>\n<p>Vertreten durch:<br \/>\nAli Barmaksiz<\/p>\n<p>USt.-ID:DE316301906<\/p>\n<p>Steuernummer: 46\/012\/04032<\/p>\n<p>Kontakt:<\/p>\n<p>Telefon: 040 750 635 33<\/p>\n<p>E-Mail: info@inova-bau.de<\/p>\n<h2 id=\"verantwortlich-f\u00fcr-den-inhalt-nach-\u00a7-55-abs-2-rstv\">Verantwortlich f\u00fcr den Inhalt nach \u00a7 55 Abs. 2 RStV<\/h2>\n<p>Ali Barmaksiz<\/p>\n<h2 id=\"streitschlichtung\">Streitschlichtung<\/h2>\n<p>Die Europ\u00e4ische Kommission stellt eine Plattform zur Online-Streitbeilegung (OS) bereit:\u00a0<a class=\"cm_anchor\" href=\"https:\/\/ec.europa.eu\/consumers\/odr\" target=\"top\" rel=\"noreferrer noopener\">https:\/\/ec.europa.eu\/consumers\/odr<\/a>. Unsere E-Mail-Adresse finden Sie oben im Impressum. Wir sind nicht bereit oder verpflichtet, an Streitbeilegungsverfahren vor einer Verbraucherschlichtungsstelle teilzunehmen.<\/p>\n<h2 id=\"haftung-f\u00fcr-inhalte\">Haftung f\u00fcr Inhalte<\/h2>\n<p>Als Diensteanbieter sind wir gem\u00e4\u00df \u00a7 7 Abs.1 TMG f\u00fcr eigene Inhalte auf diesen Seiten nach den allgemeinen Gesetzen verantwortlich. Nach \u00a7\u00a7 8 bis 10 TMG sind wir als Diensteanbieter jedoch nicht verpflichtet, \u00fcbermittelte oder gespeicherte fremde Informationen zu \u00fcberwachen oder nach Umst\u00e4nden zu forschen, die auf eine rechtswidrige T\u00e4tigkeit hinweisen.<br \/>\nVerpflichtungen zur Entfernung oder Sperrung der Nutzung von Informationen nach den allgemeinen Gesetzen bleiben hiervon unber\u00fchrt. Eine diesbez\u00fcgliche Haftung ist jedoch erst ab dem Zeitpunkt der Kenntnis einer konkreten Rechtsverletzung m\u00f6glich. Bei Bekanntwerden von entsprechenden Rechtsverletzungen werden wir diese Inhalte umgehend entfernen.<\/p>\n<h2 id=\"haftung-f\u00fcr-links\">Haftung f\u00fcr Links<\/h2>\n<p>Unser Angebot enth\u00e4lt Links zu externen Websites Dritter, auf deren Inhalte wir keinen Einfluss haben. Deshalb k\u00f6nnen wir f\u00fcr diese fremden Inhalte auch keine Gew\u00e4hr \u00fcbernehmen. F\u00fcr die Inhalte der verlinkten Seiten ist stets der jeweilige Anbieter oder Betreiber der Seiten verantwortlich. Die verlinkten Seiten wurden zum Zeitpunkt der Verlinkung auf m\u00f6gliche Rechtsverst\u00f6\u00dfe \u00fcberpr\u00fcft. Rechtswidrige Inhalte waren zum Zeitpunkt der Verlinkung nicht erkennbar.<br \/>\nEine permanente inhaltliche Kontrolle der verlinkten Seiten ist jedoch ohne konkrete Anhaltspunkte einer Rechtsverletzung nicht zumutbar. Bei Bekanntwerden von Rechtsverletzungen werden wir derartige Links umgehend entfernen.<\/p>\n<h2 id=\"urheberrecht\">Urheberrecht<\/h2>\n<p>Die durch die Seitenbetreiber erstellten Inhalte und Werke auf diesen Seiten unterliegen dem deutschen Urheberrecht. Die Vervielf\u00e4ltigung, Bearbeitung, Verbreitung und jede Art der Verwertung au\u00dferhalb der Grenzen des Urheberrechtes bed\u00fcrfen der schriftlichen Zustimmung des jeweiligen Autors bzw. Erstellers. Downloads und Kopien dieser Seite sind nur f\u00fcr den privaten, nicht kommerziellen Gebrauch gestattet.<br \/>\nSoweit die Inhalte auf dieser Seite nicht vom Betreiber erstellt wurden, werden die Urheberrechte Dritter beachtet. Insbesondere werden Inhalte Dritter als solche gekennzeichnet. Sollten Sie trotzdem auf eine Urheberrechtsverletzung aufmerksam werden, bitten wir um einen entsprechenden Hinweis. Bei Bekanntwerden von Rechtsverletzungen werden wir derartige Inhalte umgehend entfernen.<\/p>\n","protected":false},"excerpt":{"rendered":"<p>Angaben gem\u00e4\u00df \u00a7 5 TMG Inova Bau Budapester Str. 37, 20359 Hamburg Registernummer:\u00a0 2930824369 Vertreten durch: Ali Barmaksiz USt.-ID:DE316301906 Steuernummer: 46\/012\/04032 Kontakt: Telefon: 040 750 635 33 E-Mail: info@inova-bau.de Verantwortlich f\u00fcr den Inhalt nach \u00a7 55 Abs. 2 RStV Ali Barmaksiz Streitschlichtung Die Europ\u00e4ische Kommission stellt eine Plattform zur Online-Streitbeilegung (OS) bereit:\u00a0https:\/\/ec.europa.eu\/consumers\/odr. Unsere E-Mail-Adresse finden [&hellip;]<\/p>\n","protected":false},"author":2,"featured_media":0,"parent":0,"menu_order":0,"comment_status":"closed","ping_status":"closed","template":"","meta":{"footnotes":""},"class_list":["post-1371","page","type-page","status-publish","hentry"],"yoast_head":"<!-- This site is optimized with the Yoast SEO plugin v27.5 - https:\/\/yoast.com\/product\/yoast-seo-wordpress\/ -->\n<title>Impressum - Inova Bau-Meisterbetrieb Handwerker Klempner Hamburg<\/title>\n<meta name=\"robots\" content=\"index, follow, max-snippet:-1, max-image-preview:large, max-video-preview:-1\" \/>\n<link rel=\"canonical\" href=\"https:\/\/www.inova-bau.de\/index.php\/impressum\/\" \/>\n<meta property=\"og:locale\" content=\"de_DE\" \/>\n<meta property=\"og:type\" content=\"article\" \/>\n<meta property=\"og:title\" content=\"Impressum - Inova Bau-Meisterbetrieb Handwerker Klempner Hamburg\" \/>\n<meta property=\"og:description\" content=\"Angaben gem\u00e4\u00df \u00a7 5 TMG Inova Bau Budapester Str. 37, 20359 Hamburg Registernummer:\u00a0 2930824369 Vertreten durch: Ali Barmaksiz USt.-ID:DE316301906 Steuernummer: 46\/012\/04032 Kontakt: Telefon: 040 750 635 33 E-Mail: info@inova-bau.de Verantwortlich f\u00fcr den Inhalt nach \u00a7 55 Abs. 2 RStV Ali Barmaksiz Streitschlichtung Die Europ\u00e4ische Kommission stellt eine Plattform zur Online-Streitbeilegung (OS) bereit:\u00a0https:\/\/ec.europa.eu\/consumers\/odr. Unsere E-Mail-Adresse finden [&hellip;]\" \/>\n<meta property=\"og:url\" content=\"https:\/\/www.inova-bau.de\/index.php\/impressum\/\" \/>\n<meta property=\"og:site_name\" content=\"Inova Bau-Meisterbetrieb Handwerker Klempner Hamburg\" \/>\n<meta property=\"article:modified_time\" content=\"2023-02-21T12:09:18+00:00\" \/>\n<meta name=\"twitter:card\" content=\"summary_large_image\" \/>\n<meta name=\"twitter:label1\" content=\"Gesch\u00e4tzte Lesezeit\" \/>\n\t<meta name=\"twitter:data1\" content=\"3\u00a0Minuten\" \/>\n<script type=\"application\/ld+json\" class=\"yoast-schema-graph\">{\"@context\":\"https:\\\/\\\/schema.org\",\"@graph\":[{\"@type\":\"WebPage\",\"@id\":\"https:\\\/\\\/www.inova-bau.de\\\/index.php\\\/impressum\\\/\",\"url\":\"https:\\\/\\\/www.inova-bau.de\\\/index.php\\\/impressum\\\/\",\"name\":\"Impressum - Inova Bau-Meisterbetrieb Handwerker Klempner Hamburg\",\"isPartOf\":{\"@id\":\"https:\\\/\\\/www.inova-bau.de\\\/#website\"},\"datePublished\":\"2023-02-14T10:41:27+00:00\",\"dateModified\":\"2023-02-21T12:09:18+00:00\",\"breadcrumb\":{\"@id\":\"https:\\\/\\\/www.inova-bau.de\\\/index.php\\\/impressum\\\/#breadcrumb\"},\"inLanguage\":\"de\",\"potentialAction\":[{\"@type\":\"ReadAction\",\"target\":[\"https:\\\/\\\/www.inova-bau.de\\\/index.php\\\/impressum\\\/\"]}]},{\"@type\":\"BreadcrumbList\",\"@id\":\"https:\\\/\\\/www.inova-bau.de\\\/index.php\\\/impressum\\\/#breadcrumb\",\"itemListElement\":[{\"@type\":\"ListItem\",\"position\":1,\"name\":\"Home\",\"item\":\"https:\\\/\\\/www.inova-bau.de\\\/\"},{\"@type\":\"ListItem\",\"position\":2,\"name\":\"Impressum\"}]},{\"@type\":\"WebSite\",\"@id\":\"https:\\\/\\\/www.inova-bau.de\\\/#website\",\"url\":\"https:\\\/\\\/www.inova-bau.de\\\/\",\"name\":\"Inova Bau-Meisterbetrieb Handwerker Klempner Hamburg\",\"description\":\"Heizung- Luftung-Sanit\u00e4r- Handwerker-Meisterbetrieb-Ali Barmaksiz\",\"potentialAction\":[{\"@type\":\"SearchAction\",\"target\":{\"@type\":\"EntryPoint\",\"urlTemplate\":\"https:\\\/\\\/www.inova-bau.de\\\/?s={search_term_string}\"},\"query-input\":{\"@type\":\"PropertyValueSpecification\",\"valueRequired\":true,\"valueName\":\"search_term_string\"}}],\"inLanguage\":\"de\"}]}<\/script>\n<!-- \/ Yoast SEO plugin. -->","yoast_head_json":{"title":"Impressum - Inova Bau-Meisterbetrieb Handwerker Klempner Hamburg","robots":{"index":"index","follow":"follow","max-snippet":"max-snippet:-1","max-image-preview":"max-image-preview:large","max-video-preview":"max-video-preview:-1"},"canonical":"https:\/\/www.inova-bau.de\/index.php\/impressum\/","og_locale":"de_DE","og_type":"article","og_title":"Impressum - Inova Bau-Meisterbetrieb Handwerker Klempner Hamburg","og_description":"Angaben gem\u00e4\u00df \u00a7 5 TMG Inova Bau Budapester Str. 37, 20359 Hamburg Registernummer:\u00a0 2930824369 Vertreten durch: Ali Barmaksiz USt.-ID:DE316301906 Steuernummer: 46\/012\/04032 Kontakt: Telefon: 040 750 635 33 E-Mail: info@inova-bau.de Verantwortlich f\u00fcr den Inhalt nach \u00a7 55 Abs. 2 RStV Ali Barmaksiz Streitschlichtung Die Europ\u00e4ische Kommission stellt eine Plattform zur Online-Streitbeilegung (OS) bereit:\u00a0https:\/\/ec.europa.eu\/consumers\/odr. Unsere E-Mail-Adresse finden [&hellip;]","og_url":"https:\/\/www.inova-bau.de\/index.php\/impressum\/","og_site_name":"Inova Bau-Meisterbetrieb Handwerker Klempner Hamburg","article_modified_time":"2023-02-21T12:09:18+00:00","twitter_card":"summary_large_image","twitter_misc":{"Gesch\u00e4tzte Lesezeit":"3\u00a0Minuten"},"schema":{"@context":"https:\/\/schema.org","@graph":[{"@type":"WebPage","@id":"https:\/\/www.inova-bau.de\/index.php\/impressum\/","url":"https:\/\/www.inova-bau.de\/index.php\/impressum\/","name":"Impressum - Inova Bau-Meisterbetrieb Handwerker Klempner Hamburg","isPartOf":{"@id":"https:\/\/www.inova-bau.de\/#website"},"datePublished":"2023-02-14T10:41:27+00:00","dateModified":"2023-02-21T12:09:18+00:00","breadcrumb":{"@id":"https:\/\/www.inova-bau.de\/index.php\/impressum\/#breadcrumb"},"inLanguage":"de","potentialAction":[{"@type":"ReadAction","target":["https:\/\/www.inova-bau.de\/index.php\/impressum\/"]}]},{"@type":"BreadcrumbList","@id":"https:\/\/www.inova-bau.de\/index.php\/impressum\/#breadcrumb","itemListElement":[{"@type":"ListItem","position":1,"name":"Home","item":"https:\/\/www.inova-bau.de\/"},{"@type":"ListItem","position":2,"name":"Impressum"}]},{"@type":"WebSite","@id":"https:\/\/www.inova-bau.de\/#website","url":"https:\/\/www.inova-bau.de\/","name":"Inova Bau-Meisterbetrieb Handwerker Klempner Hamburg","description":"Heizung- Luftung-Sanit\u00e4r- Handwerker-Meisterbetrieb-Ali Barmaksiz","potentialAction":[{"@type":"SearchAction","target":{"@type":"EntryPoint","urlTemplate":"https:\/\/www.inova-bau.de\/?s={search_term_string}"},"query-input":{"@type":"PropertyValueSpecification","valueRequired":true,"valueName":"search_term_string"}}],"inLanguage":"de"}]}},"_links":{"self":[{"href":"https:\/\/www.inova-bau.de\/index.php\/wp-json\/wp\/v2\/pages\/1371","targetHints":{"allow":["GET"]}}],"collection":[{"href":"https:\/\/www.inova-bau.de\/index.php\/wp-json\/wp\/v2\/pages"}],"about":[{"href":"https:\/\/www.inova-bau.de\/index.php\/wp-json\/wp\/v2\/types\/page"}],"author":[{"embeddable":true,"href":"https:\/\/www.inova-bau.de\/index.php\/wp-json\/wp\/v2\/users\/2"}],"replies":[{"embeddable":true,"href":"https:\/\/www.inova-bau.de\/index.php\/wp-json\/wp\/v2\/comments?post=1371"}],"version-history":[{"count":6,"href":"https:\/\/www.inova-bau.de\/index.php\/wp-json\/wp\/v2\/pages\/1371\/revisions"}],"predecessor-version":[{"id":1394,"href":"https:\/\/www.inova-bau.de\/index.php\/wp-json\/wp\/v2\/pages\/1371\/revisions\/1394"}],"wp:attachment":[{"href":"https:\/\/www.inova-bau.de\/index.php\/wp-json\/wp\/v2\/media?parent=1371"}],"curies":[{"name":"wp","href":"https:\/\/api.w.org\/{rel}","templated":true}]}}